{"id":1467,"date":"2026-04-24T19:28:22","date_gmt":"2026-04-24T19:28:22","guid":{"rendered":"https:\/\/blog.ianis.vc\/?page_id=1467"},"modified":"2026-04-30T13:23:33","modified_gmt":"2026-04-30T13:23:33","slug":"ianis-mount-blog","status":"publish","type":"page","link":"https:\/\/blog.ianis.vc\/","title":{"rendered":"Home"},"content":{"rendered":"\t\t<div data-elementor-type=\"wp-page\" data-elementor-id=\"1467\" class=\"elementor elementor-1467\" data-elementor-post-type=\"page\">\n\t\t\t\t<div class=\"elementor-element elementor-element-f23110d e-flex e-con-boxed e-con e-parent\" data-id=\"f23110d\" data-element_type=\"container\" data-e-type=\"container\">\n\t\t\t\t\t<div class=\"e-con-inner\">\n\t\t\t\t<div class=\"elementor-element elementor-element-8da3212 elementor-widget elementor-widget-heading\" data-id=\"8da3212\" data-element_type=\"widget\" data-e-type=\"widget\" data-widget_type=\"heading.default\">\n\t\t\t\t<div class=\"elementor-widget-container\">\n\t\t\t\t\t<h2 class=\"elementor-heading-title elementor-size-default\">Mat\u00e9ria do dia.<\/h2>\t\t\t\t<\/div>\n\t\t\t\t<\/div>\n\t\t\t\t\t<\/div>\n\t\t\t\t<\/div>\n\t\t<div class=\"elementor-element elementor-element-aeca690 e-flex e-con-boxed e-con e-parent\" data-id=\"aeca690\" data-element_type=\"container\" data-e-type=\"container\">\n\t\t\t\t\t<div class=\"e-con-inner\">\n\t\t\t\t<div class=\"elementor-element elementor-element-3e422a5 elementor-widget__width-initial elementor-pagination-type-bullets elementor-arrows-position-inside elementor-pagination-position-outside elementor-widget elementor-widget-loop-carousel\" data-id=\"3e422a5\" data-element_type=\"widget\" data-e-type=\"widget\" data-settings=\"{&quot;template_id&quot;:&quot;1526&quot;,&quot;slides_to_show&quot;:&quot;1&quot;,&quot;_skin&quot;:&quot;post&quot;,&quot;slides_to_show_tablet&quot;:&quot;2&quot;,&quot;slides_to_show_mobile&quot;:&quot;1&quot;,&quot;slides_to_scroll&quot;:&quot;1&quot;,&quot;edit_handle_selector&quot;:&quot;.elementor-loop-container&quot;,&quot;autoplay&quot;:&quot;yes&quot;,&quot;autoplay_speed&quot;:5000,&quot;pause_on_hover&quot;:&quot;yes&quot;,&quot;pause_on_interaction&quot;:&quot;yes&quot;,&quot;infinite&quot;:&quot;yes&quot;,&quot;speed&quot;:500,&quot;offset_sides&quot;:&quot;none&quot;,&quot;arrows&quot;:&quot;yes&quot;,&quot;pagination&quot;:&quot;bullets&quot;,&quot;image_spacing_custom&quot;:{&quot;unit&quot;:&quot;px&quot;,&quot;size&quot;:10,&quot;sizes&quot;:[]},&quot;image_spacing_custom_tablet&quot;:{&quot;unit&quot;:&quot;px&quot;,&quot;size&quot;:&quot;&quot;,&quot;sizes&quot;:[]},&quot;image_spacing_custom_mobile&quot;:{&quot;unit&quot;:&quot;px&quot;,&quot;size&quot;:&quot;&quot;,&quot;sizes&quot;:[]}}\" data-widget_type=\"loop-carousel.post\">\n\t\t\t\t<div class=\"elementor-widget-container\">\n\t\t\t\t\t\t\t<div class=\"swiper elementor-loop-container elementor-grid\" role=\"list\" dir=\"ltr\">\n\t\t\t\t<div class=\"swiper-wrapper\" aria-live=\"off\">\n\t\t<style id=\"loop-1526\">.elementor-1526 .elementor-element.elementor-element-174b026f{--display:flex;--gap:20px 20px;--row-gap:20px;--column-gap:20px;--overlay-opacity:0.48;--border-radius:0px 0px 0px 0px;--padding-top:0px;--padding-bottom:0px;--padding-left:0px;--padding-right:0px;}.elementor-1526 .elementor-element.elementor-element-174b026f::before, .elementor-1526 .elementor-element.elementor-element-174b026f > .elementor-background-video-container::before, .elementor-1526 .elementor-element.elementor-element-174b026f > .e-con-inner > .elementor-background-video-container::before, .elementor-1526 .elementor-element.elementor-element-174b026f > .elementor-background-slideshow::before, .elementor-1526 .elementor-element.elementor-element-174b026f > .e-con-inner > .elementor-background-slideshow::before, .elementor-1526 .elementor-element.elementor-element-174b026f > .elementor-motion-effects-container > .elementor-motion-effects-layer::before{--background-overlay:'';}.elementor-1526 .elementor-element.elementor-element-3a3741e9{--display:flex;--margin-top:0px;--margin-bottom:35px;--margin-left:0px;--margin-right:0px;--padding-top:0px;--padding-bottom:0px;--padding-left:0px;--padding-right:0px;}.elementor-widget-theme-post-featured-image .widget-image-caption{color:var( --e-global-color-text );font-family:var( --e-global-typography-text-font-family ), Sans-serif;font-size:var( --e-global-typography-text-font-size );font-weight:var( --e-global-typography-text-font-weight );}.elementor-1526 .elementor-element.elementor-element-291c936f{text-align:center;}.elementor-1526 .elementor-element.elementor-element-291c936f img{width:45%;height:140px;object-fit:cover;object-position:center center;}.elementor-widget-theme-post-title .elementor-heading-title{font-family:var( --e-global-typography-primary-font-family ), Sans-serif;font-size:var( --e-global-typography-primary-font-size );font-weight:var( --e-global-typography-primary-font-weight );color:var( --e-global-color-primary );}.elementor-1526 .elementor-element.elementor-element-3cdccd1b .elementor-heading-title{font-family:\"Montserrat\", Sans-serif;font-size:26px;font-weight:600;text-transform:uppercase;font-style:normal;text-decoration:none;line-height:32px;letter-spacing:0px;word-spacing:0em;color:#1E1E1E;}.elementor-widget-post-info .elementor-icon-list-item:not(:last-child):after{border-color:var( --e-global-color-text );}.elementor-widget-post-info .elementor-icon-list-icon i{color:var( --e-global-color-primary );}.elementor-widget-post-info .elementor-icon-list-icon svg{fill:var( --e-global-color-primary );}.elementor-widget-post-info .elementor-icon-list-text, .elementor-widget-post-info .elementor-icon-list-text a{color:var( --e-global-color-secondary );}.elementor-widget-post-info .elementor-icon-list-item{font-family:var( --e-global-typography-text-font-family ), Sans-serif;font-size:var( --e-global-typography-text-font-size );font-weight:var( --e-global-typography-text-font-weight );}.elementor-1526 .elementor-element.elementor-element-3e09af39 .elementor-icon-list-icon i{color:#1E1E1E;font-size:14px;}.elementor-1526 .elementor-element.elementor-element-3e09af39 .elementor-icon-list-icon svg{fill:#1E1E1E;--e-icon-list-icon-size:14px;}.elementor-1526 .elementor-element.elementor-element-3e09af39 .elementor-icon-list-icon{width:14px;}.elementor-1526 .elementor-element.elementor-element-3e09af39 .elementor-icon-list-text, .elementor-1526 .elementor-element.elementor-element-3e09af39 .elementor-icon-list-text a{color:#1E1E1E;}.elementor-1526 .elementor-element.elementor-element-3e09af39 .elementor-icon-list-item{font-family:\"Montserrat\", Sans-serif;font-size:14px;font-weight:500;text-transform:capitalize;font-style:normal;text-decoration:none;line-height:1em;letter-spacing:5px;word-spacing:0em;}.elementor-widget-theme-post-excerpt .elementor-widget-container{font-family:var( --e-global-typography-text-font-family ), Sans-serif;font-size:var( --e-global-typography-text-font-size );font-weight:var( --e-global-typography-text-font-weight );color:var( --e-global-color-text );}.elementor-1526 .elementor-element.elementor-element-1c44c1ed .elementor-widget-container{font-family:\"Jost\", Sans-serif;font-size:16px;font-weight:400;text-transform:none;font-style:normal;text-decoration:none;line-height:21px;letter-spacing:0px;word-spacing:0em;color:#1E1E1E;}.elementor-widget-button .elementor-button{font-family:var( --e-global-typography-accent-font-family ), Sans-serif;font-size:var( --e-global-typography-accent-font-size );font-weight:var( --e-global-typography-accent-font-weight );background-color:var( --e-global-color-accent );}.elementor-1526 .elementor-element.elementor-element-4d47d2cf .elementor-button{font-family:\"Montserrat\", Sans-serif;font-size:16px;font-weight:500;text-transform:uppercase;font-style:italic;text-decoration:none;line-height:1em;letter-spacing:7px;word-spacing:0em;fill:#1E1E1E;color:#1E1E1E;background-color:#FFFFFF00;border-style:solid;border-width:0px 0px 1px 0px;border-color:#1E1E1E;border-radius:0px 0px 0px 0px;padding:0px 0px 0px 0px;}@media(max-width:1024px){.elementor-1526 .elementor-element.elementor-element-174b026f{--justify-content:space-between;}.elementor-1526 .elementor-element.elementor-element-3a3741e9{--justify-content:flex-start;--gap:20px 20px;--row-gap:20px;--column-gap:20px;--margin-top:0px;--margin-bottom:20px;--margin-left:0px;--margin-right:0px;}.elementor-widget-theme-post-featured-image .widget-image-caption{font-size:var( --e-global-typography-text-font-size );}.elementor-1526 .elementor-element.elementor-element-291c936f img{height:380px;}.elementor-widget-theme-post-title .elementor-heading-title{font-size:var( --e-global-typography-primary-font-size );}.elementor-1526 .elementor-element.elementor-element-3cdccd1b .elementor-heading-title{font-size:24px;}.elementor-1526 .elementor-element.elementor-element-3cdccd1b > .elementor-widget-container{padding:0% 1% 0% 0%;}.elementor-widget-post-info .elementor-icon-list-item{font-size:var( --e-global-typography-text-font-size );}.elementor-1526 .elementor-element.elementor-element-3e09af39 .elementor-icon-list-item{font-size:14px;}.elementor-widget-theme-post-excerpt .elementor-widget-container{font-size:var( --e-global-typography-text-font-size );}.elementor-1526 .elementor-element.elementor-element-1c44c1ed .elementor-widget-container{font-size:14px;}.elementor-widget-button .elementor-button{font-size:var( --e-global-typography-accent-font-size );}.elementor-1526 .elementor-element.elementor-element-4d47d2cf .elementor-button{font-size:14px;}}@media(min-width:768px){.elementor-1526 .elementor-element.elementor-element-174b026f{--content-width:424px;}}@media(max-width:1024px) and (min-width:768px){.elementor-1526 .elementor-element.elementor-element-174b026f{--content-width:400px;}}@media(max-width:767px){.elementor-1526 .elementor-element.elementor-element-174b026f{--content-width:500px;}.elementor-widget-theme-post-featured-image .widget-image-caption{font-size:var( --e-global-typography-text-font-size );}.elementor-1526 .elementor-element.elementor-element-291c936f img{height:410px;}.elementor-widget-theme-post-title .elementor-heading-title{font-size:var( --e-global-typography-primary-font-size );}.elementor-1526 .elementor-element.elementor-element-3cdccd1b{text-align:center;}.elementor-1526 .elementor-element.elementor-element-3cdccd1b .elementor-heading-title{font-size:20px;line-height:28px;}.elementor-1526 .elementor-element.elementor-element-3cdccd1b > .elementor-widget-container{padding:0% 7% 0% 7%;}.elementor-widget-post-info .elementor-icon-list-item{font-size:var( --e-global-typography-text-font-size );}.elementor-widget-theme-post-excerpt .elementor-widget-container{font-size:var( --e-global-typography-text-font-size );}.elementor-1526 .elementor-element.elementor-element-1c44c1ed .elementor-widget-container{text-align:center;}.elementor-widget-button .elementor-button{font-size:var( --e-global-typography-accent-font-size );}}<\/style>\t\t<div data-elementor-type=\"loop-item\" data-elementor-id=\"1526\" class=\"elementor elementor-1526 swiper-slide e-loop-item e-loop-item-1540 post-1540 post type-post status-publish format-standard has-post-thumbnail hentry category-postagem-do-dia\" data-elementor-post-type=\"elementor_library\" role=\"group\" aria-roledescription=\"slide\" data-custom-edit-handle=\"1\">\n\t\t\t<div class=\"elementor-element elementor-element-174b026f e-flex e-con-boxed e-con e-parent\" data-id=\"174b026f\" data-element_type=\"container\" data-e-type=\"container\">\n\t\t\t\t\t<div class=\"e-con-inner\">\n\t\t<div class=\"elementor-element elementor-element-3a3741e9 e-flex e-con-boxed e-con e-child\" data-id=\"3a3741e9\" data-element_type=\"container\" data-e-type=\"container\">\n\t\t\t\t\t<div class=\"e-con-inner\">\n\t\t\t\t<div class=\"elementor-element elementor-element-291c936f elementor-widget elementor-widget-theme-post-featured-image elementor-widget-image\" data-id=\"291c936f\" data-element_type=\"widget\" data-e-type=\"widget\" data-widget_type=\"theme-post-featured-image.default\">\n\t\t\t\t<div class=\"elementor-widget-container\">\n\t\t\t\t\t\t\t\t\t\t\t\t\t\t\t<img decoding=\"async\" width=\"150\" height=\"150\" src=\"https:\/\/blog.ianis.vc\/wp-content\/uploads\/2026\/04\/logo-ianis-mount-150x150.png\" class=\"attachment-thumbnail size-thumbnail wp-image-1481\" alt=\"\" srcset=\"https:\/\/blog.ianis.vc\/wp-content\/uploads\/2026\/04\/logo-ianis-mount-150x150.png 150w, https:\/\/blog.ianis.vc\/wp-content\/uploads\/2026\/04\/logo-ianis-mount-300x300.png 300w, https:\/\/blog.ianis.vc\/wp-content\/uploads\/2026\/04\/logo-ianis-mount-768x768.png 768w, https:\/\/blog.ianis.vc\/wp-content\/uploads\/2026\/04\/logo-ianis-mount.png 1024w\" sizes=\"(max-width: 150px) 100vw, 150px\" \/>\t\t\t\t\t\t\t\t\t\t\t\t\t\t\t<\/div>\n\t\t\t\t<\/div>\n\t\t\t\t<div class=\"elementor-element elementor-element-3cdccd1b elementor-widget elementor-widget-theme-post-title elementor-page-title elementor-widget-heading\" data-id=\"3cdccd1b\" data-element_type=\"widget\" data-e-type=\"widget\" data-widget_type=\"theme-post-title.default\">\n\t\t\t\t<div class=\"elementor-widget-container\">\n\t\t\t\t\t<h4 class=\"elementor-heading-title elementor-size-default\">Desacelera\u00e7\u00e3o Mental<\/h4>\t\t\t\t<\/div>\n\t\t\t\t<\/div>\n\t\t\t\t<div class=\"elementor-element elementor-element-3e09af39 elementor-mobile-align-center elementor-widget elementor-widget-post-info\" data-id=\"3e09af39\" data-element_type=\"widget\" data-e-type=\"widget\" data-widget_type=\"post-info.default\">\n\t\t\t\t<div class=\"elementor-widget-container\">\n\t\t\t\t\t\t\t<ul class=\"elementor-inline-items elementor-icon-list-items elementor-post-info\">\n\t\t\t\t\t\t\t\t<li class=\"elementor-icon-list-item elementor-repeater-item-96bcfcf elementor-inline-item\" itemprop=\"datePublished\">\n\t\t\t\t\t\t\t\t\t\t\t\t\t<span class=\"elementor-icon-list-text elementor-post-info__item elementor-post-info__item--type-date\">\n\t\t\t\t\t\t\t\t\t\t<time>abril 29, 2026<\/time>\t\t\t\t\t<\/span>\n\t\t\t\t\t\t\t\t<\/li>\n\t\t\t\t<\/ul>\n\t\t\t\t\t\t<\/div>\n\t\t\t\t<\/div>\n\t\t\t\t<div class=\"elementor-element elementor-element-1c44c1ed elementor-widget elementor-widget-theme-post-excerpt\" data-id=\"1c44c1ed\" data-element_type=\"widget\" data-e-type=\"widget\" data-widget_type=\"theme-post-excerpt.default\">\n\t\t\t\t<div class=\"elementor-widget-container\">\n\t\t\t\t\t<p>Aproveite que o mundo l\u00e1 fora est\u00e1 &#8220;pausado&#8221; para desconectar um pouco das telas: Por que nos sentimos bem? Cientificamente, o cheiro de terra molhada (chamado\t\t\t\t<\/div>\n\t\t\t\t<\/div>\n\t\t\t\t\t<\/div>\n\t\t\t\t<\/div>\n\t\t\t\t<div class=\"elementor-element elementor-element-4d47d2cf elementor-mobile-align-center elementor-widget elementor-widget-button\" data-id=\"4d47d2cf\" data-element_type=\"widget\" data-e-type=\"widget\" data-widget_type=\"button.default\">\n\t\t\t\t<div class=\"elementor-widget-container\">\n\t\t\t\t\t\t\t\t\t<div class=\"elementor-button-wrapper\">\n\t\t\t\t\t<a class=\"elementor-button elementor-button-link elementor-size-sm elementor-animation-float\" href=\"https:\/\/blog.ianis.vc\/?p=1540\">\n\t\t\t\t\t\t<span class=\"elementor-button-content-wrapper\">\n\t\t\t\t\t\t\t\t\t<span class=\"elementor-button-text\">Read more<\/span>\n\t\t\t\t\t<\/span>\n\t\t\t\t\t<\/a>\n\t\t\t\t<\/div>\n\t\t\t\t\t\t\t\t<\/div>\n\t\t\t\t<\/div>\n\t\t\t\t\t<\/div>\n\t\t\t\t<\/div>\n\t\t\t\t<\/div>\n\t\t\t\t<div data-elementor-type=\"loop-item\" data-elementor-id=\"1526\" class=\"elementor elementor-1526 swiper-slide e-loop-item e-loop-item-1511 post-1511 post type-post status-publish format-standard has-post-thumbnail hentry category-postagem\" data-elementor-post-type=\"elementor_library\" role=\"group\" aria-roledescription=\"slide\" data-custom-edit-handle=\"1\">\n\t\t\t<div class=\"elementor-element elementor-element-174b026f e-flex e-con-boxed e-con e-parent\" data-id=\"174b026f\" data-element_type=\"container\" data-e-type=\"container\">\n\t\t\t\t\t<div class=\"e-con-inner\">\n\t\t<div class=\"elementor-element elementor-element-3a3741e9 e-flex e-con-boxed e-con e-child\" data-id=\"3a3741e9\" data-element_type=\"container\" data-e-type=\"container\">\n\t\t\t\t\t<div class=\"e-con-inner\">\n\t\t\t\t<div class=\"elementor-element elementor-element-291c936f elementor-widget elementor-widget-theme-post-featured-image elementor-widget-image\" data-id=\"291c936f\" data-element_type=\"widget\" data-e-type=\"widget\" data-widget_type=\"theme-post-featured-image.default\">\n\t\t\t\t<div class=\"elementor-widget-container\">\n\t\t\t\t\t\t\t\t\t\t\t\t\t\t\t<img decoding=\"async\" width=\"150\" height=\"150\" src=\"https:\/\/blog.ianis.vc\/wp-content\/uploads\/2026\/04\/Placa-Logo-700X700px-150x150.png\" class=\"attachment-thumbnail size-thumbnail wp-image-1567\" alt=\"\" \/>\t\t\t\t\t\t\t\t\t\t\t\t\t\t\t<\/div>\n\t\t\t\t<\/div>\n\t\t\t\t<div class=\"elementor-element elementor-element-3cdccd1b elementor-widget elementor-widget-theme-post-title elementor-page-title elementor-widget-heading\" data-id=\"3cdccd1b\" data-element_type=\"widget\" data-e-type=\"widget\" data-widget_type=\"theme-post-title.default\">\n\t\t\t\t<div class=\"elementor-widget-container\">\n\t\t\t\t\t<h4 class=\"elementor-heading-title elementor-size-default\">O Seu \u00c1pice de Sa\u00fade Come\u00e7a de Dentro para Fora<\/h4>\t\t\t\t<\/div>\n\t\t\t\t<\/div>\n\t\t\t\t<div class=\"elementor-element elementor-element-3e09af39 elementor-mobile-align-center elementor-widget elementor-widget-post-info\" data-id=\"3e09af39\" data-element_type=\"widget\" data-e-type=\"widget\" data-widget_type=\"post-info.default\">\n\t\t\t\t<div class=\"elementor-widget-container\">\n\t\t\t\t\t\t\t<ul class=\"elementor-inline-items elementor-icon-list-items elementor-post-info\">\n\t\t\t\t\t\t\t\t<li class=\"elementor-icon-list-item elementor-repeater-item-96bcfcf elementor-inline-item\" itemprop=\"datePublished\">\n\t\t\t\t\t\t\t\t\t\t\t\t\t<span class=\"elementor-icon-list-text elementor-post-info__item elementor-post-info__item--type-date\">\n\t\t\t\t\t\t\t\t\t\t<time>abril 27, 2026<\/time>\t\t\t\t\t<\/span>\n\t\t\t\t\t\t\t\t<\/li>\n\t\t\t\t<\/ul>\n\t\t\t\t\t\t<\/div>\n\t\t\t\t<\/div>\n\t\t\t\t<div class=\"elementor-element elementor-element-1c44c1ed elementor-widget elementor-widget-theme-post-excerpt\" data-id=\"1c44c1ed\" data-element_type=\"widget\" data-e-type=\"widget\" data-widget_type=\"theme-post-excerpt.default\">\n\t\t\t\t<div class=\"elementor-widget-container\">\n\t\t\t\t\t<p>O Seu \u00c1pice de Sa\u00fade Come\u00e7a de Dentro para Fora Alcan\u00e7ar o bem-estar pleno \u00e9 como escalar uma montanha: exige const\u00e2ncia, preparo e o suporte certo.\t\t\t\t<\/div>\n\t\t\t\t<\/div>\n\t\t\t\t\t<\/div>\n\t\t\t\t<\/div>\n\t\t\t\t<div class=\"elementor-element elementor-element-4d47d2cf elementor-mobile-align-center elementor-widget elementor-widget-button\" data-id=\"4d47d2cf\" data-element_type=\"widget\" data-e-type=\"widget\" data-widget_type=\"button.default\">\n\t\t\t\t<div class=\"elementor-widget-container\">\n\t\t\t\t\t\t\t\t\t<div class=\"elementor-button-wrapper\">\n\t\t\t\t\t<a class=\"elementor-button elementor-button-link elementor-size-sm elementor-animation-float\" href=\"https:\/\/blog.ianis.vc\/?p=1511\">\n\t\t\t\t\t\t<span class=\"elementor-button-content-wrapper\">\n\t\t\t\t\t\t\t\t\t<span class=\"elementor-button-text\">Read more<\/span>\n\t\t\t\t\t<\/span>\n\t\t\t\t\t<\/a>\n\t\t\t\t<\/div>\n\t\t\t\t\t\t\t\t<\/div>\n\t\t\t\t<\/div>\n\t\t\t\t\t<\/div>\n\t\t\t\t<\/div>\n\t\t\t\t<\/div>\n\t\t\t\t<\/div>\n\t\t<\/div>\n\t\t\t\t\t<div class=\"elementor-swiper-button elementor-swiper-button-prev\" role=\"button\" tabindex=\"0\" aria-label=\"Anterior\">\n\t\t\t\t<svg aria-hidden=\"true\" class=\"e-font-icon-svg e-eicon-chevron-left\" viewBox=\"0 0 1000 1000\" xmlns=\"http:\/\/www.w3.org\/2000\/svg\"><path d=\"M646 125C629 125 613 133 604 142L308 442C296 454 292 471 292 487 292 504 296 521 308 533L604 854C617 867 629 875 646 875 663 875 679 871 692 858 704 846 713 829 713 812 713 796 708 779 692 767L438 487 692 225C700 217 708 204 708 187 708 171 704 154 692 142 675 129 663 125 646 125Z\"><\/path><\/svg>\t\t\t<\/div>\n\t\t\t<div class=\"elementor-swiper-button elementor-swiper-button-next\" role=\"button\" tabindex=\"0\" aria-label=\"Pr\u00f3ximo\">\n\t\t\t\t<svg aria-hidden=\"true\" class=\"e-font-icon-svg e-eicon-chevron-right\" viewBox=\"0 0 1000 1000\" xmlns=\"http:\/\/www.w3.org\/2000\/svg\"><path d=\"M696 533C708 521 713 504 713 487 713 471 708 454 696 446L400 146C388 133 375 125 354 125 338 125 325 129 313 142 300 154 292 171 292 187 292 204 296 221 308 233L563 492 304 771C292 783 288 800 288 817 288 833 296 850 308 863 321 871 338 875 354 875 371 875 388 867 400 854L696 533Z\"><\/path><\/svg>\t\t\t<\/div>\n\t\t\t\t\t<div class=\"swiper-pagination\"><\/div>\n\t\t\t\t\t\t<\/div>\n\t\t\t\t<\/div>\n\t\t\t\t\t<\/div>\n\t\t\t\t<\/div>\n\t\t<div class=\"elementor-element elementor-element-0f2ea20 e-flex e-con-boxed e-con e-parent\" data-id=\"0f2ea20\" data-element_type=\"container\" data-e-type=\"container\">\n\t\t\t\t\t<div class=\"e-con-inner\">\n\t\t\t\t<div class=\"elementor-element elementor-element-bcc58df elementor-grid-2 elementor-grid-tablet-2 elementor-grid-mobile-1 elementor-posts--thumbnail-top elementor-card-shadow-yes elementor-posts__hover-gradient elementor-widget elementor-widget-posts\" data-id=\"bcc58df\" data-element_type=\"widget\" data-e-type=\"widget\" data-settings=\"{&quot;cards_columns&quot;:&quot;2&quot;,&quot;cards_columns_tablet&quot;:&quot;2&quot;,&quot;cards_columns_mobile&quot;:&quot;1&quot;,&quot;cards_row_gap&quot;:{&quot;unit&quot;:&quot;px&quot;,&quot;size&quot;:35,&quot;sizes&quot;:[]},&quot;cards_row_gap_tablet&quot;:{&quot;unit&quot;:&quot;px&quot;,&quot;size&quot;:&quot;&quot;,&quot;sizes&quot;:[]},&quot;cards_row_gap_mobile&quot;:{&quot;unit&quot;:&quot;px&quot;,&quot;size&quot;:&quot;&quot;,&quot;sizes&quot;:[]}}\" data-widget_type=\"posts.cards\">\n\t\t\t\t<div class=\"elementor-widget-container\">\n\t\t\t\t\t\t\t<div class=\"elementor-posts-container elementor-posts elementor-posts--skin-cards elementor-grid\" role=\"list\">\n\t\t\t\t<article class=\"elementor-post elementor-grid-item post-1540 post type-post status-publish format-standard has-post-thumbnail hentry category-postagem-do-dia\" role=\"listitem\">\n\t\t\t<div class=\"elementor-post__card\">\n\t\t\t\t<a class=\"elementor-post__thumbnail__link\" href=\"https:\/\/blog.ianis.vc\/?p=1540\" tabindex=\"-1\" ><div class=\"elementor-post__thumbnail\"><img decoding=\"async\" width=\"150\" height=\"150\" src=\"https:\/\/blog.ianis.vc\/wp-content\/uploads\/2026\/04\/logo-ianis-mount-150x150.png\" class=\"attachment-thumbnail size-thumbnail wp-image-1481\" alt=\"\" srcset=\"https:\/\/blog.ianis.vc\/wp-content\/uploads\/2026\/04\/logo-ianis-mount-150x150.png 150w, https:\/\/blog.ianis.vc\/wp-content\/uploads\/2026\/04\/logo-ianis-mount-300x300.png 300w, https:\/\/blog.ianis.vc\/wp-content\/uploads\/2026\/04\/logo-ianis-mount-768x768.png 768w, https:\/\/blog.ianis.vc\/wp-content\/uploads\/2026\/04\/logo-ianis-mount.png 1024w\" sizes=\"(max-width: 150px) 100vw, 150px\" \/><\/div><\/a>\n\t\t\t\t<div class=\"elementor-post__badge\">Postagem do dia<\/div>\n\t\t\t\t<div class=\"elementor-post__text\">\n\t\t\t\t<h3 class=\"elementor-post__title\">\n\t\t\t<a href=\"https:\/\/blog.ianis.vc\/?p=1540\" >\n\t\t\t\tDesacelera\u00e7\u00e3o Mental\t\t\t<\/a>\n\t\t<\/h3>\n\t\t\t\t<div class=\"elementor-post__excerpt\">\n\t\t\t<p>Aproveite que o mundo l\u00e1 fora est\u00e1 &#8220;pausado&#8221; para desconectar um pouco das telas: Por que nos sentimos bem? Cientificamente, o cheiro de terra molhada<\/p>\n\t\t<\/div>\n\t\t\n\t\t<a class=\"elementor-post__read-more\" href=\"https:\/\/blog.ianis.vc\/?p=1540\" aria-label=\"Leia mais sobre Desacelera\u00e7\u00e3o Mental\" tabindex=\"-1\" >\n\t\t\tLeia mais \u00bb\t\t<\/a>\n\n\t\t\t\t<\/div>\n\t\t\t\t<div class=\"elementor-post__meta-data\">\n\t\t\t\t\t<span class=\"elementor-post-date\">\n\t\t\tabril 29, 2026\t\t<\/span>\n\t\t\t\t<span class=\"elementor-post-avatar\">\n\t\t\tNenhum coment\u00e1rio\t\t<\/span>\n\t\t\t\t<\/div>\n\t\t\t\t\t<\/div>\n\t\t<\/article>\n\t\t\t\t<article class=\"elementor-post elementor-grid-item post-1511 post type-post status-publish format-standard has-post-thumbnail hentry category-postagem\" role=\"listitem\">\n\t\t\t<div class=\"elementor-post__card\">\n\t\t\t\t<a class=\"elementor-post__thumbnail__link\" href=\"https:\/\/blog.ianis.vc\/?p=1511\" tabindex=\"-1\" ><div class=\"elementor-post__thumbnail\"><img decoding=\"async\" width=\"150\" height=\"150\" src=\"https:\/\/blog.ianis.vc\/wp-content\/uploads\/2026\/04\/Placa-Logo-700X700px-150x150.png\" class=\"attachment-thumbnail size-thumbnail wp-image-1567\" alt=\"\" \/><\/div><\/a>\n\t\t\t\t<div class=\"elementor-post__badge\">Postagens<\/div>\n\t\t\t\t<div class=\"elementor-post__text\">\n\t\t\t\t<h3 class=\"elementor-post__title\">\n\t\t\t<a href=\"https:\/\/blog.ianis.vc\/?p=1511\" >\n\t\t\t\tO Seu \u00c1pice de Sa\u00fade Come\u00e7a de Dentro para Fora\t\t\t<\/a>\n\t\t<\/h3>\n\t\t\t\t<div class=\"elementor-post__excerpt\">\n\t\t\t<p>O Seu \u00c1pice de Sa\u00fade Come\u00e7a de Dentro para Fora Alcan\u00e7ar o bem-estar pleno \u00e9 como escalar uma montanha: exige const\u00e2ncia, preparo e o suporte<\/p>\n\t\t<\/div>\n\t\t\n\t\t<a class=\"elementor-post__read-more\" href=\"https:\/\/blog.ianis.vc\/?p=1511\" aria-label=\"Leia mais sobre O Seu \u00c1pice de Sa\u00fade Come\u00e7a de Dentro para Fora\" tabindex=\"-1\" >\n\t\t\tLeia mais \u00bb\t\t<\/a>\n\n\t\t\t\t<\/div>\n\t\t\t\t<div class=\"elementor-post__meta-data\">\n\t\t\t\t\t<span class=\"elementor-post-date\">\n\t\t\tabril 27, 2026\t\t<\/span>\n\t\t\t\t<span class=\"elementor-post-avatar\">\n\t\t\tNenhum coment\u00e1rio\t\t<\/span>\n\t\t\t\t<\/div>\n\t\t\t\t\t<\/div>\n\t\t<\/article>\n\t\t\t\t<\/div>\n\t\t\n\t\t\t\t\t\t<\/div>\n\t\t\t\t<\/div>\n\t\t\t\t\t<\/div>\n\t\t\t\t<\/div>\n\t\t\t\t<\/div>\n\t\t","protected":false},"excerpt":{"rendered":"<p>Mat\u00e9ria do dia.<\/p>\n","protected":false},"author":1,"featured_media":1468,"parent":0,"menu_order":0,"comment_status":"closed","ping_status":"closed","template":"elementor_header_footer","meta":{"_monsterinsights_skip_tracking":false,"_monsterinsights_sitenote_active":false,"_monsterinsights_sitenote_note":"","_monsterinsights_sitenote_category":0,"footnotes":""},"class_list":["post-1467","page","type-page","status-publish","has-post-thumbnail","hentry"],"_hostinger_reach_plugin_has_subscription_block":false,"_hostinger_reach_plugin_is_elementor":false,"_links":{"self":[{"href":"https:\/\/blog.ianis.vc\/index.php?rest_route=\/wp\/v2\/pages\/1467","targetHints":{"allow":["GET"]}}],"collection":[{"href":"https:\/\/blog.ianis.vc\/index.php?rest_route=\/wp\/v2\/pages"}],"about":[{"href":"https:\/\/blog.ianis.vc\/index.php?rest_route=\/wp\/v2\/types\/page"}],"author":[{"embeddable":true,"href":"https:\/\/blog.ianis.vc\/index.php?rest_route=\/wp\/v2\/users\/1"}],"replies":[{"embeddable":true,"href":"https:\/\/blog.ianis.vc\/index.php?rest_route=%2Fwp%2Fv2%2Fcomments&post=1467"}],"version-history":[{"count":20,"href":"https:\/\/blog.ianis.vc\/index.php?rest_route=\/wp\/v2\/pages\/1467\/revisions"}],"predecessor-version":[{"id":1595,"href":"https:\/\/blog.ianis.vc\/index.php?rest_route=\/wp\/v2\/pages\/1467\/revisions\/1595"}],"wp:featuredmedia":[{"embeddable":true,"href":"https:\/\/blog.ianis.vc\/index.php?rest_route=\/wp\/v2\/media\/1468"}],"wp:attachment":[{"href":"https:\/\/blog.ianis.vc\/index.php?rest_route=%2Fwp%2Fv2%2Fmedia&parent=1467"}],"curies":[{"name":"wp","href":"https:\/\/api.w.org\/{rel}","templated":true}]}}