{"id":1493,"date":"2026-04-27T17:18:08","date_gmt":"2026-04-27T17:18:08","guid":{"rendered":"https:\/\/blog.ianis.vc\/?page_id=1493"},"modified":"2026-04-29T18:49:44","modified_gmt":"2026-04-29T18:49:44","slug":"sobre-nos","status":"publish","type":"page","link":"https:\/\/blog.ianis.vc\/?page_id=1493","title":{"rendered":"Sobre-n\u00f3s"},"content":{"rendered":"\t\t<div data-elementor-type=\"wp-page\" data-elementor-id=\"1493\" class=\"elementor elementor-1493\" data-elementor-post-type=\"page\">\n\t\t\t\t<div class=\"elementor-element elementor-element-84498e4 e-flex e-con-boxed e-con e-parent\" data-id=\"84498e4\" data-element_type=\"container\" data-e-type=\"container\" data-settings=\"{&quot;background_background&quot;:&quot;classic&quot;}\">\n\t\t\t\t\t<div class=\"e-con-inner\">\n\t\t<div class=\"elementor-element elementor-element-9ca2f8f e-con-full e-flex e-con e-child\" data-id=\"9ca2f8f\" data-element_type=\"container\" data-e-type=\"container\">\n\t\t\t\t<div class=\"elementor-element elementor-element-4c9ef7a elementor-widget elementor-widget-heading\" data-id=\"4c9ef7a\" data-element_type=\"widget\" data-e-type=\"widget\" data-widget_type=\"heading.default\">\n\t\t\t\t<div class=\"elementor-widget-container\">\n\t\t\t\t\t<h2 class=\"elementor-heading-title elementor-size-default\">M\u00c1XIMA PERFORMANCE, ZERO DESCULPAS.<\/h2>\t\t\t\t<\/div>\n\t\t\t\t<\/div>\n\t\t\t\t<\/div>\n\t\t<div class=\"elementor-element elementor-element-6d6cdec e-con-full e-flex e-con e-child\" data-id=\"6d6cdec\" data-element_type=\"container\" data-e-type=\"container\">\n\t\t\t\t<\/div>\n\t\t\t\t\t<\/div>\n\t\t\t\t<\/div>\n\t\t<div class=\"elementor-element elementor-element-a8ff8a1 e-flex e-con-boxed e-con e-parent\" data-id=\"a8ff8a1\" data-element_type=\"container\" data-e-type=\"container\">\n\t\t\t\t\t<div class=\"e-con-inner\">\n\t\t<div class=\"elementor-element elementor-element-f2c7d29 e-con-full e-flex e-con e-child\" data-id=\"f2c7d29\" data-element_type=\"container\" data-e-type=\"container\">\n\t\t\t\t<div class=\"elementor-element elementor-element-76e7e65 elementor-widget elementor-widget-image\" data-id=\"76e7e65\" data-element_type=\"widget\" data-e-type=\"widget\" data-widget_type=\"image.default\">\n\t\t\t\t<div class=\"elementor-widget-container\">\n\t\t\t\t\t\t\t\t\t\t\t\t\t\t\t<img decoding=\"async\" src=\"https:\/\/blog.ianis.vc\/wp-content\/plugins\/elementor\/assets\/images\/placeholder.png\" title=\"\" alt=\"\" loading=\"lazy\" \/>\t\t\t\t\t\t\t\t\t\t\t\t\t\t\t<\/div>\n\t\t\t\t<\/div>\n\t\t\t\t<\/div>\n\t\t<div class=\"elementor-element elementor-element-5fd1d32 e-con-full e-flex e-con e-child\" data-id=\"5fd1d32\" data-element_type=\"container\" data-e-type=\"container\">\n\t\t<div class=\"elementor-element elementor-element-08eab84 e-con-full e-flex e-con e-child\" data-id=\"08eab84\" data-element_type=\"container\" data-e-type=\"container\">\n\t\t\t\t<div class=\"elementor-element elementor-element-4860687 elementor-widget elementor-widget-heading\" data-id=\"4860687\" data-element_type=\"widget\" data-e-type=\"widget\" data-widget_type=\"heading.default\">\n\t\t\t\t<div class=\"elementor-widget-container\">\n\t\t\t\t\t<h2 class=\"elementor-heading-title elementor-size-default\">IANIS MOUNT<\/h2>\t\t\t\t<\/div>\n\t\t\t\t<\/div>\n\t\t\t\t<\/div>\n\t\t<div class=\"elementor-element elementor-element-4c1b215 e-con-full e-flex e-con e-child\" data-id=\"4c1b215\" data-element_type=\"container\" data-e-type=\"container\">\n\t\t\t\t<div class=\"elementor-element elementor-element-1383d3e elementor-widget elementor-widget-text-editor\" data-id=\"1383d3e\" data-element_type=\"widget\" data-e-type=\"widget\" data-widget_type=\"text-editor.default\">\n\t\t\t\t<div class=\"elementor-widget-container\">\n\t\t\t\t\t\t\t\t\t<p>Uma marca de\u00a0<strong>Suplementa\u00e7\u00e3o Premium<\/strong>, voltada para quem:<\/p><ul><li>Busca\u00a0<strong>evolu\u00e7\u00e3o<\/strong>\u00a0constante;<\/li><li>Valoriza\u00a0<strong>qualidade e confian\u00e7a<\/strong>;<\/li><li>Tem\u00a0<strong>mentalidade e disciplina<\/strong>\u00a0e entende que resultado vem de const\u00e2ncia.<\/li><\/ul>\t\t\t\t\t\t\t\t<\/div>\n\t\t\t\t<\/div>\n\t\t\t\t<\/div>\n\t\t\t\t<\/div>\n\t\t\t\t\t<\/div>\n\t\t\t\t<\/div>\n\t\t<div class=\"elementor-element elementor-element-6db410e e-flex e-con-boxed e-con e-parent\" data-id=\"6db410e\" data-element_type=\"container\" data-e-type=\"container\">\n\t\t\t\t\t<div class=\"e-con-inner\">\n\t\t<div class=\"elementor-element elementor-element-08bb5d5 e-con-full e-flex e-con e-child\" data-id=\"08bb5d5\" data-element_type=\"container\" data-e-type=\"container\">\n\t\t\t\t<div class=\"elementor-element elementor-element-37d954b elementor-widget elementor-widget-heading\" data-id=\"37d954b\" data-element_type=\"widget\" data-e-type=\"widget\" data-widget_type=\"heading.default\">\n\t\t\t\t<div class=\"elementor-widget-container\">\n\t\t\t\t\t<h2 class=\"elementor-heading-title elementor-size-default\">PROP\u00d3SITO<\/h2>\t\t\t\t<\/div>\n\t\t\t\t<\/div>\n\t\t\t\t<\/div>\n\t\t<div class=\"elementor-element elementor-element-84f0185 e-con-full e-flex e-con e-child\" data-id=\"84f0185\" data-element_type=\"container\" data-e-type=\"container\">\n\t\t\t\t<div class=\"elementor-element elementor-element-2325089 elementor-widget elementor-widget-heading\" data-id=\"2325089\" data-element_type=\"widget\" data-e-type=\"widget\" data-widget_type=\"heading.default\">\n\t\t\t\t<div class=\"elementor-widget-container\">\n\t\t\t\t\t<h2 class=\"elementor-heading-title elementor-size-default\">MISS\u00c3O<\/h2>\t\t\t\t<\/div>\n\t\t\t\t<\/div>\n\t\t\t\t<\/div>\n\t\t<div class=\"elementor-element elementor-element-2b3980d e-con-full e-flex e-con e-child\" data-id=\"2b3980d\" data-element_type=\"container\" data-e-type=\"container\">\n\t\t\t\t<div class=\"elementor-element elementor-element-b286300 elementor-widget elementor-widget-text-editor\" data-id=\"b286300\" data-element_type=\"widget\" data-e-type=\"widget\" data-widget_type=\"text-editor.default\">\n\t\t\t\t<div class=\"elementor-widget-container\">\n\t\t\t\t\t\t\t\t\t<ul><li><strong>Transformar vidas<\/strong>\u00a0atrav\u00e9s da sa\u00fade.<\/li><\/ul>\t\t\t\t\t\t\t\t<\/div>\n\t\t\t\t<\/div>\n\t\t\t\t<\/div>\n\t\t<div class=\"elementor-element elementor-element-9a2f3de e-con-full e-flex e-con e-child\" data-id=\"9a2f3de\" data-element_type=\"container\" data-e-type=\"container\">\n\t\t\t\t<div class=\"elementor-element elementor-element-4e37db1 elementor-widget elementor-widget-text-editor\" data-id=\"4e37db1\" data-element_type=\"widget\" data-e-type=\"widget\" data-widget_type=\"text-editor.default\">\n\t\t\t\t<div class=\"elementor-widget-container\">\n\t\t\t\t\t\t\t\t\t<ul><li>Oferecer\u00a0<strong>solu\u00e7\u00f5es<\/strong>\u00a0em encapsulados com\u00a0<strong>qualidade<\/strong>\u00a0e responsabilidade, promovendo sa\u00fade, bem-estar e performance com\u00a0<strong>resultados reais<\/strong>.<\/li><\/ul>\t\t\t\t\t\t\t\t<\/div>\n\t\t\t\t<\/div>\n\t\t\t\t<\/div>\n\t\t\t\t\t<\/div>\n\t\t\t\t<\/div>\n\t\t<div class=\"elementor-element elementor-element-4c80640 e-flex e-con-boxed e-con e-parent\" data-id=\"4c80640\" data-element_type=\"container\" data-e-type=\"container\">\n\t\t\t\t\t<div class=\"e-con-inner\">\n\t\t\t\t<div class=\"elementor-element elementor-element-ec2cdc8 elementor-widget elementor-widget-heading\" data-id=\"ec2cdc8\" data-element_type=\"widget\" data-e-type=\"widget\" data-widget_type=\"heading.default\">\n\t\t\t\t<div class=\"elementor-widget-container\">\n\t\t\t\t\t<h2 class=\"elementor-heading-title elementor-size-default\">NOSSO TIME<\/h2>\t\t\t\t<\/div>\n\t\t\t\t<\/div>\n\t\t\t\t\t<\/div>\n\t\t\t\t<\/div>\n\t\t<div class=\"elementor-element elementor-element-916aaa3 e-flex e-con-boxed e-con e-parent\" data-id=\"916aaa3\" data-element_type=\"container\" data-e-type=\"container\">\n\t\t\t\t\t<div class=\"e-con-inner\">\n\t\t<div class=\"elementor-element elementor-element-48697b4 e-con-full e-flex e-con e-child\" data-id=\"48697b4\" data-element_type=\"container\" data-e-type=\"container\">\n\t\t\t\t<div class=\"elementor-element elementor-element-21b0b88 elementor-widget elementor-widget-image\" data-id=\"21b0b88\" data-element_type=\"widget\" data-e-type=\"widget\" data-widget_type=\"image.default\">\n\t\t\t\t<div class=\"elementor-widget-container\">\n\t\t\t\t\t\t\t\t\t\t\t\t\t\t\t<img fetchpriority=\"high\" decoding=\"async\" width=\"800\" height=\"723\" src=\"https:\/\/blog.ianis.vc\/wp-content\/uploads\/2026\/04\/Patricia-640x640-1-1024x926.png\" class=\"attachment-large size-large wp-image-1576\" alt=\"\" srcset=\"https:\/\/blog.ianis.vc\/wp-content\/uploads\/2026\/04\/Patricia-640x640-1-1024x926.png 1024w, https:\/\/blog.ianis.vc\/wp-content\/uploads\/2026\/04\/Patricia-640x640-1-300x271.png 300w, https:\/\/blog.ianis.vc\/wp-content\/uploads\/2026\/04\/Patricia-640x640-1-768x694.png 768w, https:\/\/blog.ianis.vc\/wp-content\/uploads\/2026\/04\/Patricia-640x640-1-1536x1389.png 1536w, https:\/\/blog.ianis.vc\/wp-content\/uploads\/2026\/04\/Patricia-640x640-1.png 2044w\" sizes=\"(max-width: 800px) 100vw, 800px\" \/>\t\t\t\t\t\t\t\t\t\t\t\t\t\t\t<\/div>\n\t\t\t\t<\/div>\n\t\t\t\t<div class=\"elementor-element elementor-element-b9abd7f elementor-widget elementor-widget-heading\" data-id=\"b9abd7f\" data-element_type=\"widget\" data-e-type=\"widget\" data-widget_type=\"heading.default\">\n\t\t\t\t<div class=\"elementor-widget-container\">\n\t\t\t\t\t<h2 class=\"elementor-heading-title elementor-size-default\">Patricia Christoff<\/h2>\t\t\t\t<\/div>\n\t\t\t\t<\/div>\n\t\t\t\t<div class=\"elementor-element elementor-element-bc30454 elementor-widget elementor-widget-heading\" data-id=\"bc30454\" data-element_type=\"widget\" data-e-type=\"widget\" data-widget_type=\"heading.default\">\n\t\t\t\t<div class=\"elementor-widget-container\">\n\t\t\t\t\t<h2 class=\"elementor-heading-title elementor-size-default\">Gest\u00e3o<\/h2>\t\t\t\t<\/div>\n\t\t\t\t<\/div>\n\t\t\t\t<div class=\"elementor-element elementor-element-dbd6549 elementor-widget elementor-widget-text-editor\" data-id=\"dbd6549\" data-element_type=\"widget\" data-e-type=\"widget\" data-widget_type=\"text-editor.default\">\n\t\t\t\t<div class=\"elementor-widget-container\">\n\t\t\t\t\t\t\t\t\t<p>Lorem ipsum dolor sit amet, consectetur adipiscing elit. Ut elit tellus, luctus nec ullamcorper mattis, pulvinar dapibus leo.<\/p>\t\t\t\t\t\t\t\t<\/div>\n\t\t\t\t<\/div>\n\t\t\t\t<\/div>\n\t\t<div class=\"elementor-element elementor-element-aabd3e7 e-con-full e-flex e-con e-child\" data-id=\"aabd3e7\" data-element_type=\"container\" data-e-type=\"container\">\n\t\t\t\t<div class=\"elementor-element elementor-element-b54fd74 elementor-widget elementor-widget-image\" data-id=\"b54fd74\" data-element_type=\"widget\" data-e-type=\"widget\" data-widget_type=\"image.default\">\n\t\t\t\t<div class=\"elementor-widget-container\">\n\t\t\t\t\t\t\t\t\t\t\t\t\t\t\t<img decoding=\"async\" width=\"800\" height=\"800\" src=\"https:\/\/blog.ianis.vc\/wp-content\/uploads\/2026\/04\/Mariana-640x640-1-1024x1024.jpeg\" class=\"attachment-large size-large wp-image-1578\" alt=\"\" srcset=\"https:\/\/blog.ianis.vc\/wp-content\/uploads\/2026\/04\/Mariana-640x640-1-1024x1024.jpeg 1024w, https:\/\/blog.ianis.vc\/wp-content\/uploads\/2026\/04\/Mariana-640x640-1-300x300.jpeg 300w, https:\/\/blog.ianis.vc\/wp-content\/uploads\/2026\/04\/Mariana-640x640-1-150x150.jpeg 150w, https:\/\/blog.ianis.vc\/wp-content\/uploads\/2026\/04\/Mariana-640x640-1-768x768.jpeg 768w, https:\/\/blog.ianis.vc\/wp-content\/uploads\/2026\/04\/Mariana-640x640-1-1536x1536.jpeg 1536w, https:\/\/blog.ianis.vc\/wp-content\/uploads\/2026\/04\/Mariana-640x640-1.jpeg 2048w\" sizes=\"(max-width: 800px) 100vw, 800px\" \/>\t\t\t\t\t\t\t\t\t\t\t\t\t\t\t<\/div>\n\t\t\t\t<\/div>\n\t\t\t\t<div class=\"elementor-element elementor-element-a2340aa elementor-widget elementor-widget-heading\" data-id=\"a2340aa\" data-element_type=\"widget\" data-e-type=\"widget\" data-widget_type=\"heading.default\">\n\t\t\t\t<div class=\"elementor-widget-container\">\n\t\t\t\t\t<h2 class=\"elementor-heading-title elementor-size-default\">Mariana C Machado<\/h2>\t\t\t\t<\/div>\n\t\t\t\t<\/div>\n\t\t\t\t<div class=\"elementor-element elementor-element-ea6badf elementor-widget elementor-widget-heading\" data-id=\"ea6badf\" data-element_type=\"widget\" data-e-type=\"widget\" data-widget_type=\"heading.default\">\n\t\t\t\t<div class=\"elementor-widget-container\">\n\t\t\t\t\t<h2 class=\"elementor-heading-title elementor-size-default\">Marketing<\/h2>\t\t\t\t<\/div>\n\t\t\t\t<\/div>\n\t\t\t\t<div class=\"elementor-element elementor-element-e1c6853 elementor-widget elementor-widget-text-editor\" data-id=\"e1c6853\" data-element_type=\"widget\" data-e-type=\"widget\" data-widget_type=\"text-editor.default\">\n\t\t\t\t<div class=\"elementor-widget-container\">\n\t\t\t\t\t\t\t\t\t<p>Lorem ipsum dolor sit amet, consectetur adipiscing elit. Ut elit tellus, luctus nec ullamcorper mattis, pulvinar dapibus leo.<\/p>\t\t\t\t\t\t\t\t<\/div>\n\t\t\t\t<\/div>\n\t\t\t\t<\/div>\n\t\t<div class=\"elementor-element elementor-element-55fa19b e-con-full e-flex e-con e-child\" data-id=\"55fa19b\" data-element_type=\"container\" data-e-type=\"container\">\n\t\t\t\t<div class=\"elementor-element elementor-element-c49caa5 elementor-widget elementor-widget-image\" data-id=\"c49caa5\" data-element_type=\"widget\" data-e-type=\"widget\" data-widget_type=\"image.default\">\n\t\t\t\t<div class=\"elementor-widget-container\">\n\t\t\t\t\t\t\t\t\t\t\t\t\t\t\t<img decoding=\"async\" width=\"640\" height=\"640\" src=\"https:\/\/blog.ianis.vc\/wp-content\/uploads\/2026\/04\/Adriano-640x640-1.jpeg\" class=\"attachment-large size-large wp-image-1579\" alt=\"\" srcset=\"https:\/\/blog.ianis.vc\/wp-content\/uploads\/2026\/04\/Adriano-640x640-1.jpeg 640w, https:\/\/blog.ianis.vc\/wp-content\/uploads\/2026\/04\/Adriano-640x640-1-300x300.jpeg 300w, https:\/\/blog.ianis.vc\/wp-content\/uploads\/2026\/04\/Adriano-640x640-1-150x150.jpeg 150w\" sizes=\"(max-width: 640px) 100vw, 640px\" \/>\t\t\t\t\t\t\t\t\t\t\t\t\t\t\t<\/div>\n\t\t\t\t<\/div>\n\t\t\t\t<div class=\"elementor-element elementor-element-28d9358 elementor-widget elementor-widget-heading\" data-id=\"28d9358\" data-element_type=\"widget\" data-e-type=\"widget\" data-widget_type=\"heading.default\">\n\t\t\t\t<div class=\"elementor-widget-container\">\n\t\t\t\t\t<h2 class=\"elementor-heading-title elementor-size-default\">Adriano Machado<\/h2>\t\t\t\t<\/div>\n\t\t\t\t<\/div>\n\t\t\t\t<div class=\"elementor-element elementor-element-d42c80d elementor-widget elementor-widget-heading\" data-id=\"d42c80d\" data-element_type=\"widget\" data-e-type=\"widget\" data-widget_type=\"heading.default\">\n\t\t\t\t<div class=\"elementor-widget-container\">\n\t\t\t\t\t<h2 class=\"elementor-heading-title elementor-size-default\">Tecnologia<\/h2>\t\t\t\t<\/div>\n\t\t\t\t<\/div>\n\t\t\t\t<div class=\"elementor-element elementor-element-de786b2 elementor-widget elementor-widget-text-editor\" data-id=\"de786b2\" data-element_type=\"widget\" data-e-type=\"widget\" data-widget_type=\"text-editor.default\">\n\t\t\t\t<div class=\"elementor-widget-container\">\n\t\t\t\t\t\t\t\t\t<p>Lorem ipsum dolor sit amet, consectetur adipiscing elit. Ut elit tellus, luctus nec ullamcorper mattis, pulvinar dapibus leo.<\/p>\t\t\t\t\t\t\t\t<\/div>\n\t\t\t\t<\/div>\n\t\t\t\t<\/div>\n\t\t<div class=\"elementor-element elementor-element-3ae4ad7 e-con-full e-flex e-con e-child\" data-id=\"3ae4ad7\" data-element_type=\"container\" data-e-type=\"container\">\n\t\t\t\t<div class=\"elementor-element elementor-element-d7f793e elementor-widget elementor-widget-image\" data-id=\"d7f793e\" data-element_type=\"widget\" data-e-type=\"widget\" data-widget_type=\"image.default\">\n\t\t\t\t<div class=\"elementor-widget-container\">\n\t\t\t\t\t\t\t\t\t\t\t\t\t\t\t<img loading=\"lazy\" decoding=\"async\" width=\"800\" height=\"800\" src=\"https:\/\/blog.ianis.vc\/wp-content\/uploads\/2026\/04\/Gemini_Generated_Image_oif0sioif0sioif0-1024x1024.png\" class=\"attachment-large size-large wp-image-1580\" alt=\"\" srcset=\"https:\/\/blog.ianis.vc\/wp-content\/uploads\/2026\/04\/Gemini_Generated_Image_oif0sioif0sioif0-1024x1024.png 1024w, https:\/\/blog.ianis.vc\/wp-content\/uploads\/2026\/04\/Gemini_Generated_Image_oif0sioif0sioif0-300x300.png 300w, https:\/\/blog.ianis.vc\/wp-content\/uploads\/2026\/04\/Gemini_Generated_Image_oif0sioif0sioif0-150x150.png 150w, https:\/\/blog.ianis.vc\/wp-content\/uploads\/2026\/04\/Gemini_Generated_Image_oif0sioif0sioif0-768x768.png 768w, https:\/\/blog.ianis.vc\/wp-content\/uploads\/2026\/04\/Gemini_Generated_Image_oif0sioif0sioif0-1536x1536.png 1536w, https:\/\/blog.ianis.vc\/wp-content\/uploads\/2026\/04\/Gemini_Generated_Image_oif0sioif0sioif0.png 2048w\" sizes=\"(max-width: 800px) 100vw, 800px\" \/>\t\t\t\t\t\t\t\t\t\t\t\t\t\t\t<\/div>\n\t\t\t\t<\/div>\n\t\t\t\t<div class=\"elementor-element elementor-element-1eab74f elementor-widget elementor-widget-heading\" data-id=\"1eab74f\" data-element_type=\"widget\" data-e-type=\"widget\" data-widget_type=\"heading.default\">\n\t\t\t\t<div class=\"elementor-widget-container\">\n\t\t\t\t\t<h2 class=\"elementor-heading-title elementor-size-default\">Em Experi\u00eancia<\/h2>\t\t\t\t<\/div>\n\t\t\t\t<\/div>\n\t\t\t\t<div class=\"elementor-element elementor-element-69f6264 elementor-widget elementor-widget-heading\" data-id=\"69f6264\" data-element_type=\"widget\" data-e-type=\"widget\" data-widget_type=\"heading.default\">\n\t\t\t\t<div class=\"elementor-widget-container\">\n\t\t\t\t\t<h2 class=\"elementor-heading-title elementor-size-default\">N\u00e3o definido<\/h2>\t\t\t\t<\/div>\n\t\t\t\t<\/div>\n\t\t\t\t<div class=\"elementor-element elementor-element-48e28e0 elementor-widget elementor-widget-text-editor\" data-id=\"48e28e0\" data-element_type=\"widget\" data-e-type=\"widget\" data-widget_type=\"text-editor.default\">\n\t\t\t\t<div class=\"elementor-widget-container\">\n\t\t\t\t\t\t\t\t\t<p>Lorem ipsum dolor sit amet, consectetur adipiscing elit. Ut elit tellus, luctus nec ullamcorper mattis, pulvinar dapibus leo.<\/p>\t\t\t\t\t\t\t\t<\/div>\n\t\t\t\t<\/div>\n\t\t\t\t<\/div>\n\t\t\t\t\t<\/div>\n\t\t\t\t<\/div>\n\t\t\t\t<\/div>\n\t\t","protected":false},"excerpt":{"rendered":"<p>M\u00c1XIMA PERFORMANCE, ZERO DESCULPAS. IANIS MOUNT Uma marca de\u00a0Suplementa\u00e7\u00e3o Premium, voltada para quem: Busca\u00a0evolu\u00e7\u00e3o\u00a0constante; Valoriza\u00a0qualidade e confian\u00e7a; Tem\u00a0mentalidade e disciplina\u00a0e entende que resultado vem de const\u00e2ncia. PROP\u00d3SITO MISS\u00c3O Transformar vidas\u00a0atrav\u00e9s da sa\u00fade. Oferecer\u00a0solu\u00e7\u00f5es\u00a0em encapsulados com\u00a0qualidade\u00a0e responsabilidade, promovendo sa\u00fade, bem-estar e performance com\u00a0resultados reais. NOSSO TIME Patricia Christoff Gest\u00e3o Lorem ipsum dolor sit amet, consectetur adipiscing [&hellip;]<\/p>\n","protected":false},"author":1,"featured_media":0,"parent":0,"menu_order":0,"comment_status":"closed","ping_status":"closed","template":"elementor_header_footer","meta":{"_monsterinsights_skip_tracking":false,"_monsterinsights_sitenote_active":false,"_monsterinsights_sitenote_note":"","_monsterinsights_sitenote_category":0,"footnotes":""},"class_list":["post-1493","page","type-page","status-publish","hentry"],"_hostinger_reach_plugin_has_subscription_block":false,"_hostinger_reach_plugin_is_elementor":false,"_links":{"self":[{"href":"https:\/\/blog.ianis.vc\/index.php?rest_route=\/wp\/v2\/pages\/1493","targetHints":{"allow":["GET"]}}],"collection":[{"href":"https:\/\/blog.ianis.vc\/index.php?rest_route=\/wp\/v2\/pages"}],"about":[{"href":"https:\/\/blog.ianis.vc\/index.php?rest_route=\/wp\/v2\/types\/page"}],"author":[{"embeddable":true,"href":"https:\/\/blog.ianis.vc\/index.php?rest_route=\/wp\/v2\/users\/1"}],"replies":[{"embeddable":true,"href":"https:\/\/blog.ianis.vc\/index.php?rest_route=%2Fwp%2Fv2%2Fcomments&post=1493"}],"version-history":[{"count":11,"href":"https:\/\/blog.ianis.vc\/index.php?rest_route=\/wp\/v2\/pages\/1493\/revisions"}],"predecessor-version":[{"id":1591,"href":"https:\/\/blog.ianis.vc\/index.php?rest_route=\/wp\/v2\/pages\/1493\/revisions\/1591"}],"wp:attachment":[{"href":"https:\/\/blog.ianis.vc\/index.php?rest_route=%2Fwp%2Fv2%2Fmedia&parent=1493"}],"curies":[{"name":"wp","href":"https:\/\/api.w.org\/{rel}","templated":true}]}}